{"id":26,"date":"2024-01-24T18:09:18","date_gmt":"2024-01-24T17:09:18","guid":{"rendered":"https:\/\/autoexportdenmark.dk\/?page_id=26"},"modified":"2024-02-19T10:49:21","modified_gmt":"2024-02-19T09:49:21","slug":"under-construction","status":"publish","type":"page","link":"https:\/\/autoexportdenmark.dk\/da\/","title":{"rendered":"Under construction"},"content":{"rendered":"<div data-elementor-type=\"wp-page\" data-elementor-id=\"26\" class=\"elementor elementor-26\" data-elementor-post-type=\"page\">\n\t\t\t\t<div class=\"elementor-element elementor-element-260f3a18 e-con-full e-flex e-con e-parent\" data-id=\"260f3a18\" data-element_type=\"container\">\n\t\t\t\t<div class=\"elementor-element elementor-element-0eccb06 elementor-widget elementor-widget-text-editor\" data-id=\"0eccb06\" data-element_type=\"widget\" id=\"copyright\" data-widget_type=\"text-editor.default\">\n\t\t\t\t<div class=\"elementor-widget-container\">\n\t\t\t\t\t\t\t<p>\u00a9 KB for Auto Export Denmark 2024<\/p>\t\t\t\t\t\t<\/div>\n\t\t\t\t<\/div>\n\t\t<div class=\"elementor-element elementor-element-2b904bd e-con-full e-flex e-con e-child\" data-id=\"2b904bd\" data-element_type=\"container\">\n\t\t\t\t<div class=\"elementor-element elementor-element-174abe93 elementor-widget elementor-widget-image\" data-id=\"174abe93\" data-element_type=\"widget\" data-widget_type=\"image.default\">\n\t\t\t\t<div class=\"elementor-widget-container\">\n\t\t\t\t\t\t\t\t\t\t\t\t\t<img fetchpriority=\"high\" decoding=\"async\" width=\"800\" height=\"148\" src=\"https:\/\/autoexportdenmark.dk\/wp-content\/uploads\/2024\/01\/AED-logo-1024x190.png\" class=\"attachment-large size-large wp-image-14\" alt=\"\" srcset=\"https:\/\/autoexportdenmark.dk\/wp-content\/uploads\/2024\/01\/AED-logo-1024x190.png 1024w, https:\/\/autoexportdenmark.dk\/wp-content\/uploads\/2024\/01\/AED-logo-300x56.png 300w, https:\/\/autoexportdenmark.dk\/wp-content\/uploads\/2024\/01\/AED-logo-768x142.png 768w, https:\/\/autoexportdenmark.dk\/wp-content\/uploads\/2024\/01\/AED-logo.png 1080w\" sizes=\"(max-width: 800px) 100vw, 800px\" \/>\t\t\t\t\t\t\t\t\t\t\t\t\t<\/div>\n\t\t\t\t<\/div>\n\t\t<div class=\"elementor-element elementor-element-e9a9aa4 e-flex e-con-boxed e-con e-child\" data-id=\"e9a9aa4\" data-element_type=\"container\">\n\t\t\t\t\t<div class=\"e-con-inner\">\n\t\t<div class=\"elementor-element elementor-element-78f5769 e-flex e-con-boxed e-con e-child\" data-id=\"78f5769\" data-element_type=\"container\">\n\t\t\t\t\t<div class=\"e-con-inner\">\n\t\t\t\t<div class=\"elementor-element elementor-element-606c6313 elementor-widget elementor-widget-heading\" data-id=\"606c6313\" data-element_type=\"widget\" data-widget_type=\"heading.default\">\n\t\t\t\t<div class=\"elementor-widget-container\">\n\t\t\t<h3 class=\"elementor-heading-title elementor-size-default\">\ud83c\udde9\ud83c\uddf0 Ny hjemmeside er p\u00e5 vej. <br><a href=\"#elementor-action:action=popup:open&settings=eyJpZCI6Ijg4IiwidG9nZ2xlIjpmYWxzZX0=\" class=\"button\">Send os en besked<a><\/button><br><br>\ud83c\uddec\ud83c\udde7 New webpage in the making.<br><a href=\"#elementor-action:action=popup:open&settings=eyJpZCI6IjEzMSIsInRvZ2dsZSI6ZmFsc2V9\" class=\"button\">Send us a message<a><\/button><br><br>\ud83c\udde9\ud83c\uddea Neue Webseite im Aufbau.<br><a href=\"#elementor-action:action=popup:open&settings=eyJpZCI6IjE0NyIsInRvZ2dsZSI6ZmFsc2V9\" class=\"button\">Schicken Sie uns eine Nachricht<a><\/button><br><br>\ud83c\uddf5\ud83c\uddf1 Nowa strona internetowa w trakcie tworzenia.<br><a href=\"#elementor-action:action=popup:open&settings=eyJpZCI6IjE2MCIsInRvZ2dsZSI6ZmFsc2V9\" class=\"button\">Wy\u015blij nam wiadomo\u015b\u0107<a><\/button><br><br>\ud83c\udde8\ud83c\uddff Nov\u00e1 webov\u00e1 str\u00e1nka se p\u0159ipravuje.<br><a href=\"#elementor-action:action=popup:open&settings=eyJpZCI6IjE2OCIsInRvZ2dsZSI6ZmFsc2V9\" class=\"button\">Po\u0161lete n\u00e1m zpr\u00e1vu<a><\/button><br><br>\ud83c\uddf1\ud83c\uddf9 Naujas tinklalapis kuriamas.<br><a href=\"#elementor-action:action=popup:open&settings=eyJpZCI6IjE3NiIsInRvZ2dsZSI6ZmFsc2V9\" class=\"button\">Si\u0173skite mums \u017einut\u0119<a><\/button><\/h3>\t\t<\/div>\n\t\t\t\t<\/div>\n\t\t\t\t\t<\/div>\n\t\t\t\t<\/div>\n\t\t\t\t\t<\/div>\n\t\t\t\t<\/div>\n\t\t\t\t<\/div>\n\t\t\t\t<\/div>\n\t\t\t\t<\/div>","protected":false},"excerpt":{"rendered":"<p>\u00a9 KB for Auto Export Denmark 2024 \ud83c\udde9\ud83c\uddf0 Ny hjemmeside er p\u00e5 vej. Send os en besked \ud83c\uddec\ud83c\udde7 New webpage in the making.Send us a message \ud83c\udde9\ud83c\uddea Neue Webseite im Aufbau.Schicken Sie uns eine Nachricht \ud83c\uddf5\ud83c\uddf1 Nowa strona internetowa w trakcie tworzenia.Wy\u015blij nam wiadomo\u015b\u0107 \ud83c\udde8\ud83c\uddff Nov\u00e1 webov\u00e1 str\u00e1nka se p\u0159ipravuje.Po\u0161lete n\u00e1m zpr\u00e1vu \ud83c\uddf1\ud83c\uddf9 Naujas tinklalapis [&hellip;]<\/p>","protected":false},"author":2,"featured_media":0,"parent":0,"menu_order":0,"comment_status":"closed","ping_status":"closed","template":"elementor_canvas","meta":{"footnotes":""},"class_list":["post-26","page","type-page","status-publish","hentry"],"_links":{"self":[{"href":"https:\/\/autoexportdenmark.dk\/da\/wp-json\/wp\/v2\/pages\/26","targetHints":{"allow":["GET"]}}],"collection":[{"href":"https:\/\/autoexportdenmark.dk\/da\/wp-json\/wp\/v2\/pages"}],"about":[{"href":"https:\/\/autoexportdenmark.dk\/da\/wp-json\/wp\/v2\/types\/page"}],"author":[{"embeddable":true,"href":"https:\/\/autoexportdenmark.dk\/da\/wp-json\/wp\/v2\/users\/2"}],"replies":[{"embeddable":true,"href":"https:\/\/autoexportdenmark.dk\/da\/wp-json\/wp\/v2\/comments?post=26"}],"version-history":[{"count":97,"href":"https:\/\/autoexportdenmark.dk\/da\/wp-json\/wp\/v2\/pages\/26\/revisions"}],"predecessor-version":[{"id":391,"href":"https:\/\/autoexportdenmark.dk\/da\/wp-json\/wp\/v2\/pages\/26\/revisions\/391"}],"wp:attachment":[{"href":"https:\/\/autoexportdenmark.dk\/da\/wp-json\/wp\/v2\/media?parent=26"}],"curies":[{"name":"wp","href":"https:\/\/api.w.org\/{rel}","templated":true}]}}