{"id":346,"date":"2024-01-29T14:38:11","date_gmt":"2024-01-29T13:38:11","guid":{"rendered":"https:\/\/autoexportdenmark.dk\/cookie-policy-eu\/"},"modified":"2024-01-29T14:38:11","modified_gmt":"2024-01-29T13:38:11","slug":"cookie-policy-eu","status":"publish","type":"page","link":"https:\/\/autoexportdenmark.dk\/da\/cookie-policy-eu\/","title":{"rendered":"Cookie politik (EU)"},"content":{"rendered":"<!-- Legal document generated by Complianz | GDPR\/CCPA Cookie Consent https:\/\/wordpress.org\/plugins\/complianz-gdpr -->\n<div id=\"cmplz-document\" class=\"cmplz-document cookie-statement cmplz-document-eu\"><p><i>Denne cookiepolitik blev sidst opdateret 15.04.2024 og g\u00e6lder borgere i Det Europ\u00e6iske \u00d8konomiske Samarbejdsomr\u00e5de.<\/i><br><\/p><h2>1. Introduktion<\/h2><p>Vores websted, <a href=\"https:\/\/autoexportdenmark.dk\/da\">https:\/\/autoexportdenmark.dk\/da<\/a> (i det f\u00f8lgende: \"webstedet\") bruger cookies og andre relaterede teknologier (for nemheds skyld ben\u00e6vnes alle teknologier \"cookies\"). Cookies placeres ogs\u00e5 af tredjepart, vi har engageret. I dokumentet herunder informerer vi dig om brugen af \u200b\u200bcookies p\u00e5 vores websted.<\/p><h2>2. Hvad er cookies?<\/h2><p>En cookie er en lille tekst fil, der sendes sammen med sider p\u00e5 webstedet, og som er gemt i din browser p\u00e5 din computer eller enhed. Informationen i cookien kan blive sendt til vores eller relevante tredjeparts servere, n\u00e5r du bes\u00f8ger siden igen.<\/p><h2>3. Hvad er scripts?<\/h2><p>Et script er et stump kode, der g\u00f8r, at vores websted fungerer ordentligt og som forventet. Denne kode afvikles enten p\u00e5 vores server eller p\u00e5 din enhed.<\/p><h2>4. Hvad er en web beacon?<\/h2><p>Et web beacon (eller pixel tag) er en lille stump tekst eller billede p\u00e5 et websted, der bruges til at over\u00e5ge trafikken p\u00e5 webstedet. For at g\u00f8re det, bliver der gemt forskellige data om dig i web beacons.<\/p><h2>5. Cookies <\/h2><p class=\"cmplz-subtitle\">5.1 Tekniske eller funktionelle cookies<\/p><p>Nogle cookies sikrer, at visse dele af webstedet fungerer korrekt, og at dine brugerpr\u00e6ferencer forbliver kendte. Ved at placere funktionelle cookies g\u00f8r vi det lettere for dig at bes\u00f8ge vores websted. P\u00e5 denne m\u00e5de beh\u00f8ver du ikke gentagne gange at indtaste de samme oplysninger, n\u00e5r du bes\u00f8ger vores websted, og for eksempel forbliver varerne i din indk\u00f8bskurv, indtil du har betalt. Vi kan placere disse cookies uden dit samtykke.<\/p><p class=\"cmplz-subtitle\">5.2 Marketing cookies<\/p><p>P\u00e5 dette websted bruger vi marketing cookies, som g\u00f8r det muligt for os at indhente oplysninger om markedsf\u00f8ringskampagner. Det sker p\u00e5 baggrund af en profil, som vi har udviklet baseret p\u00e5 din adf\u00e6rd p\u00e5 <a href=\"https:\/\/autoexportdenmark.dk\/da\">https:\/\/autoexportdenmark.dk\/da<\/a>. Med s\u00e5danne cookies er du, som bruger, forbundet til et unik ID. Men disse cookies vil ikke blive brugt til at profilere din adf\u00e6rd og interesser i forbindelse med personalisering af annoncer.<\/p><p class=\"cmplz-subtitle\">5.3 Marketing- \/ sporingscookies<\/p><p>Marketing - \/ sporingscookies eller hvilken som helst anden form for lokal datalagring, som bruges til at udarbejde brugerprofiler med henblik p\u00e5 annoncering eller p\u00e5 at f\u00f8lge brugeren p\u00e5 dette websted eller p\u00e5 tv\u00e6rs af flere websteder med lignende markedsf\u00f8ringsform\u00e5l.<\/p><p>Da disse cookies er markeret som sporings-cookies, beder vi om din tilladelse til at placere disse.<\/p><p class=\"cmplz-subtitle\">5.4 Sociale medier<\/p><p>On our website, we have included content from Facebook, WhatsApp og Instagram to promote web pages (e.g. \u201clike\u201d, \u201cpin\u201d) or share (e.g. \u201ctweet\u201d) on social networks like Facebook, WhatsApp og Instagram. This content is embedded with code derived from Facebook, WhatsApp og Instagram and places cookies. This content might store and process certain information for personalized advertising.<\/p><p>L\u00e6s fortrolighedserkl\u00e6ringen p\u00e5 de sociale netv\u00e6rk (som kan \u00e6ndres regelm\u00e6ssigt) for at l\u00e6se, hvad de g\u00f8r med dine (personlige) data, som de behandler ved hj\u00e6lp af disse cookies. De data, der hentes, anonymiseres s\u00e5 meget som muligt. Facebook, WhatsApp og Instagram befinder sig i USA.<\/p><h2>6. Placerede cookies<\/h2><div id=\"cmplz-cookies-overview\"><details class=\"cmplz-dropdown cmplz-service-desc cmplz-dropdown-cookiepolicy\">\n\t<summary class=\"cmplz-service-header\"><div>\n\t\t<h3>Elementor<\/h3>\n\t\t<p>Statistik (anonym)<\/p>\n\t\t<label for=\"cmplz_service_elementor\" class=\"cmplz_consent_per_service_label\"><span class=\"screen-reader-text\">Consent to service elementor<\/span><\/label>\n\t\t<input type=\"checkbox\" id=\"cmplz_service_elementor\" class=\"cmplz-accept-service cmplz-hidden\" data-service=\"elementor\" data-category=\"functional\"><\/div>\n\t<\/summary>\n\t<div class=\"cmplz-service-description\">\n\t\t<h4>Anvendelse<\/h4>\n\t\t<p><\/p>\n\t<\/div>\n\t<div class=\"cmplz-sharing-data\">\n\t\t<h4>Deling af data<\/h4>\n\t\t<p>Disse data deles ikke med tredjepart.<\/p>\n\t<\/div>\n\t<div class=\"cookies-per-purpose\">\n    <div class=\"purpose\"><h4>Statistik (anonym)<\/h4><\/div>\n    <div class=\"name-header\">\n\t<h5>Navn<\/h5>\n<\/div>\n<div class=\"name\"><a target=\"_blank\" rel=\"noopener noreferrer nofollow\" href=\"https:\/\/cookiedatabase.org\/cookie\/unknown-service\/elementor\/\">elementor<\/a><\/div>\n<div class=\"retention-header\">\n\t<h5>Udl\u00f8b<\/h5>\n<\/div>\n<div class=\"retention\">vedholdende<\/div>\n<div class=\"function-header\">\n\t<h5>Funktion<\/h5>\n<\/div>\n<div class=\"function\">Gemmer udf\u00f8rte handlinger p\u00e5 hjemmesiden<\/div>\n\n<\/div>\n<\/details>\n<details class=\"cmplz-dropdown cmplz-service-desc cmplz-dropdown-cookiepolicy\">\n\t<summary class=\"cmplz-service-header\"><div>\n\t\t<h3>WordPress<\/h3>\n\t\t<p>Funktionel<\/p>\n\t\t<label for=\"cmplz_service_wordpress\" class=\"cmplz_consent_per_service_label\"><span class=\"screen-reader-text\">Consent to service wordpress<\/span><\/label>\n\t\t<input type=\"checkbox\" id=\"cmplz_service_wordpress\" class=\"cmplz-accept-service cmplz-hidden\" data-service=\"wordpress\" data-category=\"functional\"><\/div>\n\t<\/summary>\n\t<div class=\"cmplz-service-description\">\n\t\t<h4>Anvendelse<\/h4>\n\t\t<p><\/p>\n\t<\/div>\n\t<div class=\"cmplz-sharing-data\">\n\t\t<h4>Deling af data<\/h4>\n\t\t<p>Disse data deles ikke med tredjepart.<\/p>\n\t<\/div>\n\t<div class=\"cookies-per-purpose\">\n    <div class=\"purpose\"><h4>Funktionel<\/h4><\/div>\n    <div class=\"name-header\">\n\t<h5>Navn<\/h5>\n<\/div>\n<div class=\"name\"><a target=\"_blank\" rel=\"noopener noreferrer nofollow\" href=\"https:\/\/cookiedatabase.org\/cookie\/unknown-service\/wpemojisettingssupports\/\">wpEmojiSettingsSupports<\/a><\/div>\n<div class=\"retention-header\">\n\t<h5>Udl\u00f8b<\/h5>\n<\/div>\n<div class=\"retention\">session<\/div>\n<div class=\"function-header\">\n\t<h5>Funktion<\/h5>\n<\/div>\n<div class=\"function\">Gemmer browseroplysninger<\/div>\n<div class=\"name-header\">\n\t<h5>Navn<\/h5>\n<\/div>\n<div class=\"name\"><a target=\"_blank\" rel=\"noopener noreferrer nofollow\" href=\"https:\/\/cookiedatabase.org\/cookie\/unknown-service\/wordpress_test_cookie\/\">wordpress_test_cookie<\/a><\/div>\n<div class=\"retention-header\">\n\t<h5>Udl\u00f8b<\/h5>\n<\/div>\n<div class=\"retention\">session<\/div>\n<div class=\"function-header\">\n\t<h5>Funktion<\/h5>\n<\/div>\n<div class=\"function\">Kontrollere, om der kan placeres cookies<\/div>\n<div class=\"name-header\">\n\t<h5>Navn<\/h5>\n<\/div>\n<div class=\"name\"><a target=\"_blank\" rel=\"noopener noreferrer nofollow\" href=\"https:\/\/cookiedatabase.org\/cookie\/unknown-service\/wp-settings\/\">wp-settings-*<\/a><\/div>\n<div class=\"retention-header\">\n\t<h5>Udl\u00f8b<\/h5>\n<\/div>\n<div class=\"retention\">vedholdende<\/div>\n<div class=\"function-header\">\n\t<h5>Funktion<\/h5>\n<\/div>\n<div class=\"function\">Gemmer brugerindstillinger<\/div>\n<div class=\"name-header\">\n\t<h5>Navn<\/h5>\n<\/div>\n<div class=\"name\"><a target=\"_blank\" rel=\"noopener noreferrer nofollow\" href=\"https:\/\/cookiedatabase.org\/cookie\/unknown-service\/wp-settings-time\/\">wp-settings-time-*<\/a><\/div>\n<div class=\"retention-header\">\n\t<h5>Udl\u00f8b<\/h5>\n<\/div>\n<div class=\"retention\">1 \u00e5r<\/div>\n<div class=\"function-header\">\n\t<h5>Funktion<\/h5>\n<\/div>\n<div class=\"function\">Gemmer brugerindstillinger<\/div>\n<div class=\"name-header\">\n\t<h5>Navn<\/h5>\n<\/div>\n<div class=\"name\"><a target=\"_blank\" rel=\"noopener noreferrer nofollow\" href=\"https:\/\/cookiedatabase.org\/cookie\/unknown-service\/wordpress_logged_in_\/\">wordpress_logged_in_*<\/a><\/div>\n<div class=\"retention-header\">\n\t<h5>Udl\u00f8b<\/h5>\n<\/div>\n<div class=\"retention\">vedholdende<\/div>\n<div class=\"function-header\">\n\t<h5>Funktion<\/h5>\n<\/div>\n<div class=\"function\">Holde brugere logget ind<\/div>\n\n<\/div>\n<\/details>\n<details class=\"cmplz-dropdown cmplz-service-desc cmplz-dropdown-cookiepolicy\">\n\t<summary class=\"cmplz-service-header\"><div>\n\t\t<h3>Complianz<\/h3>\n\t\t<p>Funktionel<\/p>\n\t\t<label for=\"cmplz_service_complianz\" class=\"cmplz_consent_per_service_label\"><span class=\"screen-reader-text\">Consent to service complianz<\/span><\/label>\n\t\t<input type=\"checkbox\" id=\"cmplz_service_complianz\" class=\"cmplz-accept-service cmplz-hidden\" data-service=\"complianz\" data-category=\"functional\"><\/div>\n\t<\/summary>\n\t<div class=\"cmplz-service-description\">\n\t\t<h4>Anvendelse<\/h4>\n\t\t<p><\/p>\n\t<\/div>\n\t<div class=\"cmplz-sharing-data\">\n\t\t<h4>Deling af data<\/h4>\n\t\t<p>Disse data deles ikke med tredjepart.&nbsp;For mere information, bedes du l\u00e6se <a target=\"_blank\" rel=\"noopener noreferrer\" href=\"https:\/\/complianz.io\/legal\/privacy-statement\/\">Complianz fortrolighedserkl\u00e6ring<\/a>.<\/p>\n\t<\/div>\n\t<div class=\"cookies-per-purpose\">\n    <div class=\"purpose\"><h4>Funktionel<\/h4><\/div>\n    <div class=\"name-header\">\n\t<h5>Navn<\/h5>\n<\/div>\n<div class=\"name\"><a target=\"_blank\" rel=\"noopener noreferrer nofollow\" href=\"https:\/\/cookiedatabase.org\/cookie\/unknown-service\/cmplz_banner-status\/\">cmplz_banner-status<\/a><\/div>\n<div class=\"retention-header\">\n\t<h5>Udl\u00f8b<\/h5>\n<\/div>\n<div class=\"retention\">365 dage<\/div>\n<div class=\"function-header\">\n\t<h5>Funktion<\/h5>\n<\/div>\n<div class=\"function\">Store if the cookie banner has been dismissed<\/div>\n\n<\/div>\n<\/details>\n<details class=\"cmplz-dropdown cmplz-service-desc cmplz-dropdown-cookiepolicy\">\n\t<summary class=\"cmplz-service-header\"><div>\n\t\t<h3>Burst Statistics<\/h3>\n\t\t<p>Statistik (anonym)<\/p>\n\t\t<label for=\"cmplz_service_burst-statistics\" class=\"cmplz_consent_per_service_label\"><span class=\"screen-reader-text\">Consent to service burst-statistics<\/span><\/label>\n\t\t<input type=\"checkbox\" id=\"cmplz_service_burst-statistics\" class=\"cmplz-accept-service cmplz-hidden\" data-service=\"burst-statistics\" data-category=\"functional\"><\/div>\n\t<\/summary>\n\t<div class=\"cmplz-service-description\">\n\t\t<h4>Anvendelse<\/h4>\n\t\t<p><\/p>\n\t<\/div>\n\t<div class=\"cmplz-sharing-data\">\n\t\t<h4>Deling af data<\/h4>\n\t\t<p>Disse data deles ikke med tredjepart.<\/p>\n\t<\/div>\n\t<div class=\"cookies-per-purpose\">\n    <div class=\"purpose\"><h4>Statistik (anonym)<\/h4><\/div>\n    <div class=\"name-header\">\n\t<h5>Navn<\/h5>\n<\/div>\n<div class=\"name\"><a target=\"_blank\" rel=\"noopener noreferrer nofollow\" href=\"https:\/\/cookiedatabase.org\/cookie\/unknown-service\/burst_uid\/\">burst_uid<\/a><\/div>\n<div class=\"retention-header\">\n\t<h5>Udl\u00f8b<\/h5>\n<\/div>\n<div class=\"retention\">1 m\u00e5ned<\/div>\n<div class=\"function-header\">\n\t<h5>Funktion<\/h5>\n<\/div>\n<div class=\"function\">Store and track interaction<\/div>\n\n<\/div>\n<\/details>\n<details class=\"cmplz-dropdown cmplz-service-desc cmplz-dropdown-cookiepolicy\">\n\t<summary class=\"cmplz-service-header\"><div>\n\t\t<h3>LiteSpeed<\/h3>\n\t\t<p>Funktionel<\/p>\n\t\t<label for=\"cmplz_service_litespeed\" class=\"cmplz_consent_per_service_label\"><span class=\"screen-reader-text\">Consent to service litespeed<\/span><\/label>\n\t\t<input type=\"checkbox\" id=\"cmplz_service_litespeed\" class=\"cmplz-accept-service cmplz-hidden\" data-service=\"litespeed\" data-category=\"functional\"><\/div>\n\t<\/summary>\n\t<div class=\"cmplz-service-description\">\n\t\t<h4>Anvendelse<\/h4>\n\t\t<p><\/p>\n\t<\/div>\n\t<div class=\"cmplz-sharing-data\">\n\t\t<h4>Deling af data<\/h4>\n\t\t<p>Disse data deles ikke med tredjepart.<\/p>\n\t<\/div>\n\t<div class=\"cookies-per-purpose\">\n    <div class=\"purpose\"><h4>Funktionel<\/h4><\/div>\n    <div class=\"name-header\">\n\t<h5>Navn<\/h5>\n<\/div>\n<div class=\"name\"><a target=\"_blank\" rel=\"noopener noreferrer nofollow\" href=\"https:\/\/cookiedatabase.org\/cookie\/unknown-service\/_lscache_vary\/\">_lscache_vary<\/a><\/div>\n<div class=\"retention-header\">\n\t<h5>Udl\u00f8b<\/h5>\n<\/div>\n<div class=\"retention\">2 dage<\/div>\n<div class=\"function-header\">\n\t<h5>Funktion<\/h5>\n<\/div>\n<div class=\"function\">Forhindre cachelagrede sider<\/div>\n\n<\/div>\n<\/details>\n<details class=\"cmplz-dropdown cmplz-service-desc cmplz-dropdown-cookiepolicy\">\n\t<summary class=\"cmplz-service-header\"><div>\n\t\t<h3>Facebook<\/h3>\n\t\t<p>Form\u00e5l, indtil unders\u00f8gelsen<\/p>\n\t\t<label for=\"cmplz_service_facebook\" class=\"cmplz_consent_per_service_label\"><span class=\"screen-reader-text\">Consent to service facebook<\/span><\/label>\n\t\t<input type=\"checkbox\" id=\"cmplz_service_facebook\" class=\"cmplz-accept-service cmplz-hidden\" data-service=\"facebook\" data-category=\"functional\"><\/div>\n\t<\/summary>\n\t<div class=\"cmplz-service-description\">\n\t\t<h4>Anvendelse<\/h4>\n\t\t<p>Vi bruger Facebook til visning af nylige sociale indl\u00e6g og \/ eller knapper til social deling. <a target=\"_blank\" rel=\"noopener noreferrer nofollow\" href=\"https:\/\/cookiedatabase.org\/service\/facebook\/\">L\u00e6s mere<\/a><\/p>\n\t<\/div>\n\t<div class=\"cmplz-sharing-data\">\n\t\t<h4>Deling af data<\/h4>\n\t\t<p>For mere information, bedes du l\u00e6se <a target=\"_blank\" rel=\"noopener noreferrer nofollow\" href=\"https:\/\/www.facebook.com\/policy\/cookies\">Facebook fortrolighedserkl\u00e6ring<\/a>.<\/p>\n\t<\/div>\n\t<div class=\"cookies-per-purpose\">\n    <div class=\"purpose\"><h4>Form\u00e5l, indtil unders\u00f8gelsen<\/h4><\/div>\n    <div class=\"name-header\">\n\t<h5>Navn<\/h5>\n<\/div>\n<div class=\"name\">_js_datr<\/div>\n<div class=\"retention-header\">\n\t<h5>Udl\u00f8b<\/h5>\n<\/div>\n<div class=\"retention\"><\/div>\n<div class=\"function-header\">\n\t<h5>Funktion<\/h5>\n<\/div>\n<div class=\"function\"><\/div>\n<div class=\"name-header\">\n\t<h5>Navn<\/h5>\n<\/div>\n<div class=\"name\">_fbc<\/div>\n<div class=\"retention-header\">\n\t<h5>Udl\u00f8b<\/h5>\n<\/div>\n<div class=\"retention\"><\/div>\n<div class=\"function-header\">\n\t<h5>Funktion<\/h5>\n<\/div>\n<div class=\"function\"><\/div>\n<div class=\"name-header\">\n\t<h5>Navn<\/h5>\n<\/div>\n<div class=\"name\">fbm*<\/div>\n<div class=\"retention-header\">\n\t<h5>Udl\u00f8b<\/h5>\n<\/div>\n<div class=\"retention\"><\/div>\n<div class=\"function-header\">\n\t<h5>Funktion<\/h5>\n<\/div>\n<div class=\"function\"><\/div>\n<div class=\"name-header\">\n\t<h5>Navn<\/h5>\n<\/div>\n<div class=\"name\">xs<\/div>\n<div class=\"retention-header\">\n\t<h5>Udl\u00f8b<\/h5>\n<\/div>\n<div class=\"retention\"><\/div>\n<div class=\"function-header\">\n\t<h5>Funktion<\/h5>\n<\/div>\n<div class=\"function\"><\/div>\n<div class=\"name-header\">\n\t<h5>Navn<\/h5>\n<\/div>\n<div class=\"name\">wd<\/div>\n<div class=\"retention-header\">\n\t<h5>Udl\u00f8b<\/h5>\n<\/div>\n<div class=\"retention\"><\/div>\n<div class=\"function-header\">\n\t<h5>Funktion<\/h5>\n<\/div>\n<div class=\"function\"><\/div>\n<div class=\"name-header\">\n\t<h5>Navn<\/h5>\n<\/div>\n<div class=\"name\">fr<\/div>\n<div class=\"retention-header\">\n\t<h5>Udl\u00f8b<\/h5>\n<\/div>\n<div class=\"retention\"><\/div>\n<div class=\"function-header\">\n\t<h5>Funktion<\/h5>\n<\/div>\n<div class=\"function\"><\/div>\n<div class=\"name-header\">\n\t<h5>Navn<\/h5>\n<\/div>\n<div class=\"name\">act<\/div>\n<div class=\"retention-header\">\n\t<h5>Udl\u00f8b<\/h5>\n<\/div>\n<div class=\"retention\"><\/div>\n<div class=\"function-header\">\n\t<h5>Funktion<\/h5>\n<\/div>\n<div class=\"function\"><\/div>\n<div class=\"name-header\">\n\t<h5>Navn<\/h5>\n<\/div>\n<div class=\"name\">_fbp<\/div>\n<div class=\"retention-header\">\n\t<h5>Udl\u00f8b<\/h5>\n<\/div>\n<div class=\"retention\"><\/div>\n<div class=\"function-header\">\n\t<h5>Funktion<\/h5>\n<\/div>\n<div class=\"function\"><\/div>\n<div class=\"name-header\">\n\t<h5>Navn<\/h5>\n<\/div>\n<div class=\"name\">datr<\/div>\n<div class=\"retention-header\">\n\t<h5>Udl\u00f8b<\/h5>\n<\/div>\n<div class=\"retention\"><\/div>\n<div class=\"function-header\">\n\t<h5>Funktion<\/h5>\n<\/div>\n<div class=\"function\"><\/div>\n<div class=\"name-header\">\n\t<h5>Navn<\/h5>\n<\/div>\n<div class=\"name\">c_user<\/div>\n<div class=\"retention-header\">\n\t<h5>Udl\u00f8b<\/h5>\n<\/div>\n<div class=\"retention\"><\/div>\n<div class=\"function-header\">\n\t<h5>Funktion<\/h5>\n<\/div>\n<div class=\"function\"><\/div>\n<div class=\"name-header\">\n\t<h5>Navn<\/h5>\n<\/div>\n<div class=\"name\">csm<\/div>\n<div class=\"retention-header\">\n\t<h5>Udl\u00f8b<\/h5>\n<\/div>\n<div class=\"retention\"><\/div>\n<div class=\"function-header\">\n\t<h5>Funktion<\/h5>\n<\/div>\n<div class=\"function\"><\/div>\n<div class=\"name-header\">\n\t<h5>Navn<\/h5>\n<\/div>\n<div class=\"name\">sb<\/div>\n<div class=\"retention-header\">\n\t<h5>Udl\u00f8b<\/h5>\n<\/div>\n<div class=\"retention\"><\/div>\n<div class=\"function-header\">\n\t<h5>Funktion<\/h5>\n<\/div>\n<div class=\"function\"><\/div>\n<div class=\"name-header\">\n\t<h5>Navn<\/h5>\n<\/div>\n<div class=\"name\">actppresence<\/div>\n<div class=\"retention-header\">\n\t<h5>Udl\u00f8b<\/h5>\n<\/div>\n<div class=\"retention\"><\/div>\n<div class=\"function-header\">\n\t<h5>Funktion<\/h5>\n<\/div>\n<div class=\"function\"><\/div>\n<div class=\"name-header\">\n\t<h5>Navn<\/h5>\n<\/div>\n<div class=\"name\">*_fbm_<\/div>\n<div class=\"retention-header\">\n\t<h5>Udl\u00f8b<\/h5>\n<\/div>\n<div class=\"retention\"><\/div>\n<div class=\"function-header\">\n\t<h5>Funktion<\/h5>\n<\/div>\n<div class=\"function\"><\/div>\n\n<\/div>\n<\/details>\n<details class=\"cmplz-dropdown cmplz-service-desc cmplz-dropdown-cookiepolicy\">\n\t<summary class=\"cmplz-service-header\"><div>\n\t\t<h3>WhatsApp<\/h3>\n\t\t<p>Form\u00e5l, indtil unders\u00f8gelsen<\/p>\n\t\t<label for=\"cmplz_service_whatsapp\" class=\"cmplz_consent_per_service_label\"><span class=\"screen-reader-text\">Consent to service whatsapp<\/span><\/label>\n\t\t<input type=\"checkbox\" id=\"cmplz_service_whatsapp\" class=\"cmplz-accept-service cmplz-hidden\" data-service=\"whatsapp\" data-category=\"functional\"><\/div>\n\t<\/summary>\n\t<div class=\"cmplz-service-description\">\n\t\t<h4>Anvendelse<\/h4>\n\t\t<p>Vi bruger WhatsApp til chat support. <a target=\"_blank\" rel=\"noopener noreferrer nofollow\" href=\"https:\/\/cookiedatabase.org\/service\/whatsapp\/\">L\u00e6s mere<\/a><\/p>\n\t<\/div>\n\t<div class=\"cmplz-sharing-data\">\n\t\t<h4>Deling af data<\/h4>\n\t\t<p>For mere information, bedes du l\u00e6se <a target=\"_blank\" rel=\"noopener noreferrer nofollow\" href=\"https:\/\/www.whatsapp.com\/legal\/\">WhatsApp fortrolighedserkl\u00e6ring<\/a>.<\/p>\n\t<\/div>\n\t<div class=\"cookies-per-purpose\">\n    <div class=\"purpose\"><h4>Form\u00e5l, indtil unders\u00f8gelsen<\/h4><\/div>\n    <div class=\"name-header\">\n\t<h5>Navn<\/h5>\n<\/div>\n<div class=\"name\">wa_lang_pref<\/div>\n<div class=\"retention-header\">\n\t<h5>Udl\u00f8b<\/h5>\n<\/div>\n<div class=\"retention\"><\/div>\n<div class=\"function-header\">\n\t<h5>Funktion<\/h5>\n<\/div>\n<div class=\"function\"><\/div>\n<div class=\"name-header\">\n\t<h5>Navn<\/h5>\n<\/div>\n<div class=\"name\">wa_ul<\/div>\n<div class=\"retention-header\">\n\t<h5>Udl\u00f8b<\/h5>\n<\/div>\n<div class=\"retention\"><\/div>\n<div class=\"function-header\">\n\t<h5>Funktion<\/h5>\n<\/div>\n<div class=\"function\"><\/div>\n\n<\/div>\n<\/details>\n<details class=\"cmplz-dropdown cmplz-service-desc cmplz-dropdown-cookiepolicy\">\n\t<summary class=\"cmplz-service-header\"><div>\n\t\t<h3>Diverse<\/h3>\n\t\t<p>Form\u00e5l, indtil unders\u00f8gelsen<\/p>\n\t\t<label for=\"cmplz_service_diverse\" class=\"cmplz_consent_per_service_label\"><span class=\"screen-reader-text\">Consent to service diverse<\/span><\/label>\n\t\t<input type=\"checkbox\" id=\"cmplz_service_diverse\" class=\"cmplz-accept-service cmplz-hidden\" data-service=\"diverse\" data-category=\"functional\"><\/div>\n\t<\/summary>\n\t<div class=\"cmplz-service-description\">\n\t\t<h4>Anvendelse<\/h4>\n\t\t<p><\/p>\n\t<\/div>\n\t<div class=\"cmplz-sharing-data\">\n\t\t<h4>Deling af data<\/h4>\n\t\t<p>Deling af data afventer unders\u00f8gelse<\/p>\n\t<\/div>\n\t<div class=\"cookies-per-purpose\">\n    <div class=\"purpose\"><h4>Form\u00e5l, indtil unders\u00f8gelsen<\/h4><\/div>\n    <div class=\"name-header\">\n\t<h5>Navn<\/h5>\n<\/div>\n<div class=\"name\">e_kit-elements-defaults<\/div>\n<div class=\"retention-header\">\n\t<h5>Udl\u00f8b<\/h5>\n<\/div>\n<div class=\"retention\"><\/div>\n<div class=\"function-header\">\n\t<h5>Funktion<\/h5>\n<\/div>\n<div class=\"function\"><\/div>\n<div class=\"name-header\">\n\t<h5>Navn<\/h5>\n<\/div>\n<div class=\"name\">wp_lang<\/div>\n<div class=\"retention-header\">\n\t<h5>Udl\u00f8b<\/h5>\n<\/div>\n<div class=\"retention\"><\/div>\n<div class=\"function-header\">\n\t<h5>Funktion<\/h5>\n<\/div>\n<div class=\"function\"><\/div>\n<div class=\"name-header\">\n\t<h5>Navn<\/h5>\n<\/div>\n<div class=\"name\">burst_task_filter<\/div>\n<div class=\"retention-header\">\n\t<h5>Udl\u00f8b<\/h5>\n<\/div>\n<div class=\"retention\"><\/div>\n<div class=\"function-header\">\n\t<h5>Funktion<\/h5>\n<\/div>\n<div class=\"function\"><\/div>\n\n<\/div>\n<\/details>\n<\/div><h2>7. Samtykke<\/h2><p>N\u00e5r du bes\u00f8ger vores websted for f\u00f8rste gang, viser vi dig en pop-up med en forklaring om cookies. S\u00e5 snart du klikker p\u00e5 \"Save preferences\", accepterer du os at bruge de kategorier af cookies og plug-ins du valgte i pop-up-funktionen, som beskrevet i denne cookiepolitik. Du kan deaktivere brugen af \u200b\u200bcookies via din browser, men bem\u00e6rk at vores websted muligvis ikke l\u00e6ngere fungerer korrekt.<\/p><p class=\"cmplz-subtitle\">7.1 Administrer dine samtykkeindstillinger<\/p><div id=\"cmplz-manage-consent-container-nojavascript\">Du har indl\u00e6st cookiepolitikken uden javascript-underst\u00f8ttelse.&nbsp;P\u00e5 AMP kan du bruge knappen Administrer samtykke nederst p\u00e5 siden.<\/div><div id=\"cmplz-manage-consent-container\" class=\"cmplz-manage-consent-container\"><\/div><h2>8. Aktivering\/deaktivering og sletning af cookies<\/h2><p>Du kan bruge din internetbrowser til automatisk eller manuelt at slette cookies. Du kan ogs\u00e5 specificere, at visse cookies muligvis ikke placeres. En anden mulighed er at \u00e6ndre indstillingerne for din internetbrowser, s\u00e5 du modtager en besked, hver gang en cookie placeres. For mere information om disse indstillinger, se instruktionerne i Hj\u00e6lp-afsnittet i din browser.<\/p><p>Please note that our website may not work properly if all cookies are disabled. If you do delete the cookies in your browser, they will be placed again after your consent when you visit our website again.<\/p><h2>9. Dine rettigheder med hensyn til personlige data<\/h2><p>Du har f\u00f8lgende rettigheder med hensyn til dine personlige data:<\/p><ul>\n                    <li>Du har ret til at vide, hvorfor dine personlige data er n\u00f8dvendige, hvad der vil ske med dem, og hvor l\u00e6nge de bliver opbevaret.<\/li>\n                    <li>Ret til adgang: Du har ret til at f\u00e5 adgang til dine personlige data, der er kendt af os.<\/li>\n                    <li>Ret til rettelse: Du har ret til at supplere, rette, slette eller blokere dine personlige data, n\u00e5r du \u00f8nsker det.<\/li>\n                    <li>Hvis du giver os dit samtykke til at behandle dine data, har du ret til at tilbagekalde dette samtykke og til at slette dine personlige data.<\/li>\n                    <li>Ret til at overf\u00f8re dine data: Du har ret til at anmode om alle dine personlige data fra den Behandlingsansvarlige og overf\u00f8re dem i sin helhed til en anden Behandlingsansvarlig.<\/li>\n                    <li>Ret til indsigelse: du kan g\u00f8re indsigelse mod behandlingen af \u200b\u200bdine data. Vi efterkommer dette, medmindre der er berettigede grunde til behandling.<\/li>\n                <\/ul><p>Kontakt os for at ud\u00f8ve disse rettigheder. Se kontaktoplysningerne nederst i denne cookiepolitik. Hvis du har en klage over, hvordan vi h\u00e5ndterer dine data, vil vi gerne h\u00f8re fra dig, men du har ogs\u00e5 ret til at indsende en klage til tilsynsmyndigheden (Datatilsynet).<\/p><h2>10. Kontaktdetaljer<\/h2><p>Kontakt os venligst ved hj\u00e6lp af f\u00f8lgende kontaktoplysninger vedr\u00f8rende sp\u00f8rgsm\u00e5l og \/ eller kommentarer om vores cookiepolitik og denne erkl\u00e6ring:<\/p><p><span class=\"cmplz-contact-organisation\">Auto Export Denmark<\/span><br>\n                      <span class=\"cmplz-contact-address\">Laurentsvej 25<br \/>\r\n2880 Bagsv\u00e6rd<br \/>\r\nDanmark<\/span><br>\n                      <span class=\"cmplz-contact-country\">Danmark<\/span><br>\n                    Internet side: <span class=\"cmplz-contact-domain\"><a href=\"https:\/\/autoexportdenmark.dk\/da\">https:\/\/autoexportdenmark.dk\/da<\/a><\/span><br>\n                    Email: <span class=\"cmplz-contact-email\">p&#114;i&#118;&#097;cy&#064;a&#117;&#116;o&#101;&#120;p&#111;rt&#100;&#101;nma&#114;k.dk<\/span><br>\n                    <span class=\"cmplz-contact-telephone\"><\/span><\/p><p>Denne cookiepolitik blev synkroniseret med <a href=\"https:\/\/cookiedatabase.org\/\" target=\"_blank\">cookiedatabase.org<\/a> p\u00e5 15.04.2024.<\/p><\/div>","protected":false},"excerpt":{"rendered":"","protected":false},"author":2,"featured_media":0,"parent":0,"menu_order":0,"comment_status":"closed","ping_status":"closed","template":"","meta":{"footnotes":""},"class_list":["post-346","page","type-page","status-publish","hentry"],"_links":{"self":[{"href":"https:\/\/autoexportdenmark.dk\/da\/wp-json\/wp\/v2\/pages\/346","targetHints":{"allow":["GET"]}}],"collection":[{"href":"https:\/\/autoexportdenmark.dk\/da\/wp-json\/wp\/v2\/pages"}],"about":[{"href":"https:\/\/autoexportdenmark.dk\/da\/wp-json\/wp\/v2\/types\/page"}],"author":[{"embeddable":true,"href":"https:\/\/autoexportdenmark.dk\/da\/wp-json\/wp\/v2\/users\/2"}],"replies":[{"embeddable":true,"href":"https:\/\/autoexportdenmark.dk\/da\/wp-json\/wp\/v2\/comments?post=346"}],"version-history":[{"count":0,"href":"https:\/\/autoexportdenmark.dk\/da\/wp-json\/wp\/v2\/pages\/346\/revisions"}],"wp:attachment":[{"href":"https:\/\/autoexportdenmark.dk\/da\/wp-json\/wp\/v2\/media?parent=346"}],"curies":[{"name":"wp","href":"https:\/\/api.w.org\/{rel}","templated":true}]}}